{"id":934,"date":"2014-12-18T12:53:02","date_gmt":"2014-12-18T11:53:02","guid":{"rendered":"http:\/\/www.technica-gmbh.de\/en\/?page_id=934"},"modified":"2025-09-09T07:34:15","modified_gmt":"2025-09-09T06:34:15","slug":"agencies-distributors","status":"publish","type":"page","link":"https:\/\/www.technica-gmbh.de\/en\/agencies-distributors\/","title":{"rendered":"Agencies \/ Distributors"},"content":{"rendered":"<h2>Carbofresh-Products<\/h2>\n<p>Our company has a large number of distribution partners in many countries across the world. We have representations world-wide for our products Carbofresh, Carbofresh Pro-Inox and Carbofresh deluxe.<\/p>\n<h2><span id=\"result_box\" class=\"short_text\" lang=\"en\"><span class=\"hps\">Europe<\/span><\/span><\/h2>\n<div class=\"accordion\">\n<h3><span id=\"result_box\" class=\"short_text\" lang=\"en\"><span class=\"hps\">Bulgaria<\/span><\/span>\u00a0[BG]<\/h3>\n<div>\n<p><strong>Marko Georgiev<\/strong><br \/>\nLagera Bl. 26A &#8211; App. 16<br \/>\n1612 Sofia<\/p>\n<p>Phone: 00359-2-9547647<br \/>\nEmail: <a href=\"mailto:mageorgiev@gmail.com\">mageorgiev@gmail.com<\/a><br \/>\nWeb: <a href=\"http:\/\/www.markogeorgiev.com\" target=\"blank\" rel=\"noopener noreferrer\">www.markogeorgiev.com<\/a><\/p>\n<\/div>\n<\/div>\n<div class=\"accordion\">\n<h3>Germany [D]<\/h3>\n<div>\n<p><strong>Kellereibedarf Richard Wagner GmbH + Co. KG<\/strong><br \/>\nAlbiger Stra\u00dfe 17<br \/>\n55232 Alzey<\/p>\n<p>Phone: 0049-6731-96620<br \/>\nEmail: <a href=\"mailto:info@wagner-alzey.de\">info@wagner-alzey.de<\/a><br \/>\nWeb: <a href=\"http:\/\/www.wagner-alzey.de\" target=\"blank\" rel=\"noopener noreferrer\">www.wagner-alzey.de<\/a><\/p>\n<p><strong>G.Wein GmbH + Co.<\/strong><br \/>\nMeimsheimer Stra\u00dfe 10<br \/>\n74357 B\u00f6nnigheim<\/p>\n<p>Phone: 0049-7143-88560<br \/>\nEmail: <a href=\"mailto:mi.wein@gwein.de\">mi.wein@gwein.de<\/a><br \/>\nWeb: <a href=\"http:\/\/www.gwein.de\" target=\"blank\" rel=\"noopener noreferrer\">www.gwein.de<\/a><\/p>\n<p><strong>Wickert Kellereibedarf GmbH<\/strong><br \/>\nBormbachstra\u00dfe 10<br \/>\n76829 Landau\/Pfalz<\/p>\n<p>Phone: 0049-6341-96540<br \/>\nEmail: <a href=\"mailto:info@wickert-landau.de\">info@wickert-landau.de<\/a><br \/>\nWeb: <a href=\"http:\/\/www.wickert-landau.de\" target=\"blank\" rel=\"noopener noreferrer\">www.wickert-landau.de<\/a><\/p>\n<p><strong>Clemens GmbH &amp; Co. KG Maschinenfabrik<\/strong><br \/>\nRudolf-Diesel-Str. 8<br \/>\n54616 Wittlich<\/p>\n<p>Phone: 0049-6571-92900<br \/>\nEmail: <a href=\"mailto:info@clemens-online.com\">info@clemens-online.com<\/a><br \/>\nWeb: <a href=\"http:\/\/www.clemens-online.com\" target=\"blank\" rel=\"noopener noreferrer\">www.clemens-online.com<\/a><\/p>\n<p><strong>Rainer Porth Kellereitechnik<\/strong><br \/>\nRaiffeisenstra\u00dfe 9<br \/>\n55595 Weinsheim<\/p>\n<p>Phone: 0049-6758-809450<br \/>\nEmail: <a href=\"mailto:info@porth-kellereitechnik.de\">info@porth-kellereitechnik.de<\/a><br \/>\nWeb: <a href=\"http:\/\/www.porth-kellereitechnik.de\" target=\"blank\" rel=\"noopener noreferrer\">www.porth-kellereitechnik.de<\/a><\/p>\n<p><strong>Emil Dornauer EDOR Kellerei &amp; Brennereibedarf<\/strong><br \/>\nRosengasse 19a<br \/>\n97070 W\u00fcrzburg<\/p>\n<p>Phone: 0049-931-51630<br \/>\nEmail: <a href=\"mailto:info@dornauer.de\">info@dornauer.de<\/a><br \/>\nWeb:<\/p>\n<p><strong>R\u00f6ha &#8211; R\u00f6mmelt (Inh. Michael R\u00f6mmelt)<\/strong><br \/>\nHauptstra\u00dfe 42<br \/>\n97258 Gollhofen<\/p>\n<p>Telefon: 09339-98 88 11 0<br \/>\nEmail: <a href=\"mailto:info@roeha-online.de\">info@roeha-online.de<\/a><br \/>\nWeb: <a href=\"http:\/\/www.roeha-online.de\" target=\"blank\" rel=\"noopener noreferrer\">www.roeha-online.de<\/a>\n<\/div>\n<\/div>\n<div class=\"accordion\">\n<h3>France [FRA]<\/h3>\n<div>\n<p><strong>STEVIAL<\/strong><br \/>\n3, Rue de la Fecht<br \/>\n68126 Bennwihr-Gare<\/p>\n<p>Telefon: 0033-3-89214100<br \/>\nEmail: <a href=\"mailto:stevial@stevial.com\">stevial@stevial.com<\/a><br \/>\nWeb: <a href=\"http:\/\/www.stevial.com\" target=\"blank\" rel=\"noopener noreferrer\">www.stevial.com<\/a><\/p>\n<p><strong>Michael Paetzold SARL<\/strong><br \/>\n3700 Avenue de Toulouse<br \/>\n33140 Cadaujac<\/p>\n<p>Telefon: 0033-557838585<br \/>\nEmail: <a href=\"mailto:mp@michaelpaetzold.com\">mp@michaelpaetzold.com<\/a><br \/>\nWeb: <a href=\"http:\/\/www.michaelpaetzold.com\" target=\"blank\" rel=\"noopener noreferrer\">www.michaelpaetzold.com<\/a><\/p>\n<\/div>\n<\/div>\n<div class=\"accordion\">\n<h3><span id=\"result_box\" class=\"short_text\" lang=\"en\"><span class=\"hps\">Greece<\/span><\/span>\u00a0[GR]<\/h3>\n<div>\n<p><strong>Technofil A. Daskalou<\/strong><br \/>\nDemirdessio 207<br \/>\n14233 N. Ionia Athen<\/p>\n<p>Phone: 0030-210-2772961<br \/>\nEmail: <a href=\"mailto:info@technofil.gr\">info@technofil.gr<\/a><br \/>\nWeb:\u00a0 <a href=\"http:\/\/www.technofil.gr\" target=\"blank\" rel=\"noopener noreferrer\">www.technofil.gr<\/a><\/p>\n<\/div>\n<\/div>\n<div class=\"accordion\">\n<h3><span id=\"result_box\" class=\"short_text\" lang=\"en\"><span class=\"hps\">Netherlands<\/span><\/span>\u00a0[NL]<\/h3>\n<div>\n<p><strong>Quality 4 food<\/strong><br \/>\nMarkt 6<br \/>\n6088 BP Roggel<\/p>\n<p>Phone: 0031-646281669<br \/>\nEmail: <a href=\"mailto:info@smeets-tolsma.com\">info@quality4food.com<\/a><br \/>\nWeb:<\/p>\n<\/div>\n<\/div>\n<div class=\"accordion\">\n<h3><span id=\"result_box\" class=\"short_text\" lang=\"en\"><span class=\"hps\">Austria<\/span><\/span>\u00a0[AT]<\/h3>\n<div>\n<p><strong>Zehetner Kellereitechnik GmbH<\/strong><br \/>\nWiener Stra\u00dfe 142<br \/>\n2020 Hollabrunn<\/p>\n<p>Phone: 0043-2952-2570-0<br \/>\nEmail: <a href=\"mailto:office@zehetner-kellereitechnik.at\">office@zehetner-kellereitechnik.at<\/a><br \/>\nWeb: <a href=\"http:\/\/www.zehetner-kellereitechnik.at\" target=\"blank\" rel=\"noopener noreferrer\">www.zehetner-kellereitechnik.at<\/a><\/p>\n<p><strong>Linde Gas GmbH<\/strong><br \/>\nWaschenbergerstra\u00dfe 13<br \/>\n4651 Stadl-Paura<\/p>\n<p>Phone: 0043-6648042731434<br \/>\nEmail: <a href=\"mailto:peter.hochreiner@at.linde-gas.com\">peter.hochreiner@at.linde-gas.com<\/a><br \/>\nWeb: <a href=\"http:\/\/www.linde-gas.de\" target=\"blank\" rel=\"noopener noreferrer\">www.linde-gas.de<\/a><\/p>\n<p><strong>Kellereitechnik Sengl-Pridt<\/strong><br \/>\nUntere Hauptstr. 27<br \/>\n7122 Gols<\/p>\n<p>Phone: 0043-2173-2245<br \/>\nEmail: <a href=\"mailto:office@sengl-pridt.at\">office@sengl-pridt.at<\/a><br \/>\nWeb: <a href=\"http:\/\/www.sengl-pridt.at\" target=\"blank\" rel=\"noopener noreferrer\">www.sengl-pridt.at<\/a><\/p>\n<p><strong>Adolf Holzhammer Getr\u00e4nke und Kellerreimaschien<\/strong><br \/>\nUrbarialgasse 10<br \/>\n7142 Illmitz<\/p>\n<p>Phone: 0043-676-7271510<br \/>\nEmail: <a href=\"mailto:office@kellereimaschinen-holzhammer.at\">office@kellereimaschinen-holzhammer.at<\/a><br \/>\nWeb:<\/p>\n<p><strong>Fabijan e.U.<\/strong><br \/>\nBr\u00fcckenstr. 4<br \/>\n8461 Vogau<\/p>\n<p>Phone: 0043-34532441<br \/>\nEmail: <a href=\"mailto:office@fabijan.at\">office@fabijan.at<\/a><br \/>\nWeb: <a href=\"http:\/\/www.fabijan.at\" target=\"blank\" rel=\"noopener noreferrer\">www.fabijan.at<\/a><\/p>\n<p><strong>Finotec Handels GmbH<\/strong><br \/>\nKarl-Sarg Gasse 4<br \/>\n1230 Wien<\/p>\n<p>Phone: 0043-2734-78330<br \/>\nEmail: <a href=\"mailto:office@finotec.at\">office@finotec.at<\/a><br \/>\nWeb:<\/p>\n<p><strong>K\u00f6gl GmbH<\/strong><br \/>\nUntere Hauptstr. 255<br \/>\n8462 Gamlitz<\/p>\n<p>Phone: 0043-3453-2384<br \/>\nEmail: <a href=\"mailto:koeglgmbh@aon.at\">koeglgmbh@aon.at<\/a><br \/>\nWeb: <a href=\"http:\/\/www.koegl-carraro.at\" target=\"blank\" rel=\"noopener noreferrer\">www.koegl-carraro.at<\/a><\/p>\n<p><strong>Rapf &amp; Co. GmbH &amp; Co.KG<\/strong><br \/>\nGabrielerstr. 30<br \/>\n2344 Maria Enersdorf<\/p>\n<p>Phone: 0043-2236-48011<br \/>\nEmail: <a href=\"mailto:office@rapf.at\">office@rapf.at<\/a><br \/>\nWeb: <a href=\"http:\/\/www.rapf.at\" target=\"blank\" rel=\"noopener noreferrer\">www.rapf.at<\/a><\/p>\n<\/div>\n<\/div>\n<div class=\"accordion\">\n<h3>Portugal [PT]<\/h3>\n<div>\n<p><strong>Tecninvicta &#8211; Produtos e Equipamentos, Lda<\/strong><br \/>\nRua Bar\u00e3o S\u00e3o Januario, n\u00ba 33 &#8211; 2\u00ba sala 21<br \/>\n4470-473 Maia<\/p>\n<p>Telefon: 00351-225 189 377<br \/>\nEmail: <a href=\"mailto:tecninvicta@tecninvicta.pt\">tecninvicta@tecninvicta.pt<\/a><br \/>\nWeb: <a href=\"http:\/\/www.tecninvicta.pt\" target=\"blank\" rel=\"noopener noreferrer\">www.tecninvicta.pt<\/a><\/p>\n<\/div>\n<\/div>\n<div class=\"accordion\">\n<h3><span id=\"result_box\" class=\"short_text\" lang=\"en\"><span class=\"hps\">Switzerland<\/span><\/span>\u00a0[CH]<\/h3>\n<div>\n<p><strong>Keller &amp; H\u00e4nzi Filtration GmbH<\/strong><br \/>\nUnterer Haldenweg 12<br \/>\n5600 Lenzburg<\/p>\n<p>Phone: 0041-443410956<br \/>\nEmail: <a href=\"mailto:info@profiltration.ch\">haenzi@profiltration.ch<\/a><br \/>\nWeb: <a href=\"http:\/\/www.profiltration.ch\" target=\"blank\" rel=\"noopener noreferrer\">www.profiltration.ch<\/a><\/p>\n<\/div>\n<\/div>\n<div class=\"accordion\">\n<h3><span id=\"result_box\" class=\"short_text\" lang=\"en\"><span class=\"hps\">Slovenia<\/span><\/span>\u00a0[SL]<\/h3>\n<div>\n<p><strong>Fabijan e.U.<\/strong><br \/>\nBr\u00fcckenstr. 4<br \/>\n8461 Vogau<\/p>\n<p>Phone: 0043-34532441<br \/>\nEmail: <a href=\"mailto:office@fabijan.at\">office@fabijan.at<\/a><br \/>\nWeb: <a href=\"http:\/\/www.fabijan.at\" target=\"blank\" rel=\"noopener noreferrer\">www.fabijan.at<\/a><\/p>\n<\/div>\n<\/div>\n<div class=\"accordion\">\n<h3><span id=\"result_box\" class=\"short_text\" lang=\"en\"><span class=\"hps\">Spain<\/span><\/span>\u00a0[E]<\/h3>\n<div>\n<p><strong>CONTROL Y SUMINISTROS, S.L.<\/strong><br \/>\nAlvaro Tusquets Ferreiro<br \/>\nRonda del General Mitre 126<br \/>\n08021 Barcelona<\/p>\n<p>Phone: 0034 93 340 97 59<br \/>\nEmail: <a href=\"mailto:atusquets@controlysuministros.com\">atusquets@controlysuministros.com<\/a><\/p>\n<\/div>\n<\/div>\n<div class=\"accordion\">\n<h3><span id=\"result_box\" class=\"short_text\" lang=\"en\"><span class=\"hps\">Czechia<\/span><\/span>\u00a0[CZ]<\/h3>\n<div>\n<p><strong>Dipl.-Ing. Ren\u00e9 Josef Vr\u00e1til<\/strong><br \/>\nPrimetick\u00e1 3507\/3<br \/>\n669 02 Znojmo<\/p>\n<p>Phone: 00420-725323-581<br \/>\nEmail: <a href=\"mailto:rene@vinarskepripravky.cz\">rene@vinarskepripravky.cz<\/a><br \/>\nWeb: <a href=\"http:\/\/www.vinarskepripravky.cz\" target=\"blank\" rel=\"noopener noreferrer\">www.vinarskepripravky.cz<\/a><\/p>\n<p><strong>ABC Kovopit &#8211; engineering, spol. s r.o.<\/strong><br \/>\nK Ochozi 666<br \/>\n59301 Bystrice nad Pern\u0161tejnem<\/p>\n<p>Phone: 00420-724 260 040<br \/>\nEmail: <a href=\"mailto:sekretariat@abckovopit.cz\">sekretariat@abckovopit.cz<\/a><br \/>\nWeb: <a href=\"http:\/\/www.abckovopit.cz\">www.abckovopit.cz<\/a><\/p>\n<\/div>\n<\/div>\n<div class=\"accordion\">\n<h3><span id=\"result_box\" class=\"short_text\" lang=\"en\"><span class=\"hps\">Hungary<\/span><\/span>\u00a0[HU]<\/h3>\n<div>\n<p><strong>Vino-Tech KFT.<\/strong><br \/>\nAls\u00f3sz\u00f6l\u00f6hegy 92<br \/>\n7932 Mozsgo<\/p>\n<p>Phone: 0036-73544-031<br \/>\nEmail: <a href=\"mailto:vino-tech@dravakabel.hu\">vino-tech@dravakabel.hu<\/a><br \/>\nWeb:<\/p>\n<p><strong>Kastner Vinova Kft Laszlo Kastner<\/strong><br \/>\nPetofi u. 1. II\/3<br \/>\n6600 Szentes<\/p>\n<p>Phone: 0036-63890-667<br \/>\nEmail: <a href=\"mailto:lkastner@gmx.net\">lkastner@gmx.net<\/a><br \/>\nWeb:<\/p>\n<p><strong>Szervin Kft.<\/strong><br \/>\nF\u00f6 \u00fat 1\/b<br \/>\n6221 Akaszt\u00f3<\/p>\n<p>Telefon: 0036-78451363<br \/>\nEmail: <a href=\"mailto:szervinkft@t-online.hu\">szervinkft@t-online.hu<\/a><br \/>\nWeb:<\/p>\n<\/div>\n<\/div>\n<h2><span id=\"result_box\" class=\"short_text\" lang=\"en\"><span class=\"hps\">North America<\/span><\/span><\/h2>\n<div class=\"accordion\">\n<h3><span id=\"result_box\" class=\"short_text\" lang=\"en\"><span class=\"hps\">North America<\/span><\/span><\/h3>\n<div>\n<p><strong>Technica Entw. GmbH &amp; Co. KG<\/strong><br \/>\nTelefon: 0049-4541-4031<br \/>\nEmail: <a href=\"mailto:info@steinfurth.com\">info@technica-gmbh.de<\/a><\/p>\n<\/div>\n<\/div>\n<h2><span id=\"result_box\" class=\"short_text\" lang=\"en\"><span class=\"hps\">Central America<\/span><\/span><\/h2>\n<div class=\"accordion\">\n<h3><span id=\"result_box\" class=\"short_text\" lang=\"en\"><span class=\"hps\">Central America<\/span><\/span><\/h3>\n<div>\n<p><strong>Technica Entw. GmbH &amp; Co. KG<\/strong><br \/>\nTelefon: 0049-4541-4031<br \/>\nEmail: <a href=\"mailto:info@steinfurth.com\">info@technica-gmbh.de<\/a><\/p>\n<\/div>\n<\/div>\n<h2><span id=\"result_box\" class=\"short_text\" lang=\"en\"><span class=\"hps\">South America<\/span><\/span><\/h2>\n<div class=\"accordion\">\n<h3><span id=\"result_box\" class=\"short_text\" lang=\"en\"><span class=\"hps\">South America<\/span><\/span><\/h3>\n<div>\n<p><strong>Technica Entw. GmbH &amp; Co. KG<\/strong><br \/>\nTelefon: 0049-4541-4031<br \/>\nEmail: <a href=\"mailto:info@steinfurth.com\">info@technica-gmbh.de<\/a><\/p>\n<\/div>\n<\/div>\n<h2><span id=\"result_box\" class=\"short_text\" lang=\"en\"><span class=\"hps\">Australasia<\/span><\/span><\/h2>\n<div class=\"accordion\">\n<h3><span id=\"result_box\" class=\"short_text\" lang=\"en\"><span class=\"hps\">Australia<\/span><\/span>\u00a0[AUS]<\/h3>\n<div>\n<p><strong>Viniquip Int Ltd (Hastings)<\/strong><br \/>\nJames Rochfort Place RD5<br \/>\n4157 Havelock North<\/p>\n<p>Phone: 0064-6879-7799<br \/>\nEmail: <a href=\"mailto:klos@viniquip.co.nz\">klos@viniquip.co.nz<\/a><br \/>\nWeb: <a href=\"http:\/\/www.viniquip.com\" target=\"blank\" rel=\"noopener noreferrer\">www.viniquip.com<\/a><\/p>\n<\/div>\n<\/div>\n<div class=\"accordion\">\n<h3><span id=\"result_box\" class=\"short_text\" lang=\"en\"><span class=\"hps\">New Zealand<\/span><\/span>\u00a0[NZ]<\/h3>\n<div>\n<p><strong>Viniquip Int Ltd (Hastings)<\/strong><br \/>\nJames Rochfort Place RD5<br \/>\n4157 Havelock North<\/p>\n<p>Phone: 0064-6879-7799<br \/>\nEmail: <a href=\"mailto:klos@viniquip.co.nz\">klos@viniquip.co.nz<\/a><br \/>\nWeb: <a href=\"http:\/\/www.viniquip.com\" target=\"blank\" rel=\"noopener noreferrer\">www.viniquip.com<\/a><\/p>\n<\/div>\n<\/div>\n<h2><span id=\"result_box\" class=\"short_text\" lang=\"en\"><span class=\"hps\">Africa<\/span><\/span><\/h2>\n<div class=\"accordion\">\n<h3><span id=\"result_box\" class=\"short_text\" lang=\"en\"><span class=\"hps\">Africa<\/span><\/span>\u00a0(<span id=\"result_box\" class=\"short_text\" lang=\"en\"><span class=\"hps\">without<\/span> <span class=\"hps\">South Africa<\/span><\/span>)<\/h3>\n<div>\n<p><strong>Technica Entw. GmbH &amp; Co. KG<\/strong><br \/>\nTelefon: 0049-4541-4031<br \/>\nEmail: <a href=\"mailto:info@steinfurth.com\">info@technica-gmbh.de<\/a><\/p>\n<\/div>\n<\/div>\n<div class=\"accordion\">\n<h3><span id=\"result_box\" class=\"short_text\" lang=\"en\"><span class=\"hps\">South Africa<\/span><\/span>\u00a0[ZA]<\/h3>\n<div>\n<p><strong>KPE Engineering Pty. Ltd.<\/strong><br \/>\n10 Goud Crescent, Brackenfell Industria<br \/>\n7560 Brackenfell \/ Cape Town<\/p>\n<p>Phone: 0027-219820516<br \/>\nEmail: <a href=\"mailto:landowning@kpe.co.za\">landowning@kpe.co.za<\/a><br \/>\nWeb: <a href=\"http:\/\/www.kpe.co.za\" target=\"blank\" rel=\"noopener noreferrer\">www.kpe.co.za<\/a><\/p>\n<\/div>\n<\/div>\n<h2><span id=\"result_box\" class=\"short_text\" lang=\"en\"><span class=\"hps\">Asia<\/span><\/span><\/h2>\n<div class=\"accordion\">\n<h3><span id=\"result_box\" class=\"short_text\" lang=\"en\"><span class=\"hps\">Asia<\/span><\/span><\/h3>\n<div>\n<p><strong>Technica Entw. GmbH &amp; Co. KG<\/strong><br \/>\nTelefon: 0049-4541-4031<br \/>\nEmail: <a href=\"mailto:info@steinfurth.com\">info@technica-gmbh.de<\/a><\/p>\n<\/div>\n<\/div>\n","protected":false},"excerpt":{"rendered":"<p>Carbofresh-Products Our company has a large number of distribution partners in many countries across the world. We have representations world-wide for our products Carbofresh, Carbofresh Pro-Inox and Carbofresh deluxe. Europe Bulgaria\u00a0[BG] Marko Georgiev Lagera Bl. 26A &#8211; App. 16 1612 Sofia Phone: 00359-2-9547647 Email: mageorgiev@gmail.com Web: www.markogeorgiev.com Germany [D] Kellereibedarf Richard Wagner GmbH + Co. [&hellip;]<\/p>\n","protected":false},"author":1,"featured_media":0,"parent":0,"menu_order":0,"comment_status":"closed","ping_status":"closed","template":"vertretungen.php","meta":{"footnotes":""},"acf":[],"aioseo_notices":[],"_links":{"self":[{"href":"https:\/\/www.technica-gmbh.de\/en\/wp-json\/wp\/v2\/pages\/934"}],"collection":[{"href":"https:\/\/www.technica-gmbh.de\/en\/wp-json\/wp\/v2\/pages"}],"about":[{"href":"https:\/\/www.technica-gmbh.de\/en\/wp-json\/wp\/v2\/types\/page"}],"author":[{"embeddable":true,"href":"https:\/\/www.technica-gmbh.de\/en\/wp-json\/wp\/v2\/users\/1"}],"replies":[{"embeddable":true,"href":"https:\/\/www.technica-gmbh.de\/en\/wp-json\/wp\/v2\/comments?post=934"}],"version-history":[{"count":42,"href":"https:\/\/www.technica-gmbh.de\/en\/wp-json\/wp\/v2\/pages\/934\/revisions"}],"predecessor-version":[{"id":1145,"href":"https:\/\/www.technica-gmbh.de\/en\/wp-json\/wp\/v2\/pages\/934\/revisions\/1145"}],"wp:attachment":[{"href":"https:\/\/www.technica-gmbh.de\/en\/wp-json\/wp\/v2\/media?parent=934"}],"curies":[{"name":"wp","href":"https:\/\/api.w.org\/{rel}","templated":true}]}}